{"id":182,"date":"2024-01-17T12:27:49","date_gmt":"2024-01-17T11:27:49","guid":{"rendered":"http:\/\/rcfincas.es\/?page_id=182"},"modified":"2025-07-25T20:49:03","modified_gmt":"2025-07-25T18:49:03","slug":"nosotros","status":"publish","type":"page","link":"https:\/\/rcfincas.es\/en\/nosotros\/","title":{"rendered":"Nosotros"},"content":{"rendered":"<p>[et_pb_section fb_built=\u00bb1&#8243; admin_label=\u00bbFeature\u00bb _builder_version=\u00bb4.23.4&#8243; _module_preset=\u00bbdefault\u00bb background_color=\u00bb#ffffff\u00bb overflow-x=\u00bbhidden\u00bb overflow-y=\u00bbhidden\u00bb custom_padding=\u00bb2px||2px||true|\u00bb global_colors_info=\u00bb{}\u00bb][et_pb_row column_structure=\u00bb1_2,1_2&#8243; _builder_version=\u00bb4.16&#8243; _module_preset=\u00bbdefault\u00bb max_width=\u00bbnone\u00bb custom_margin=\u00bb246px|auto||auto||\u00bb custom_padding=\u00bb||43px|||\u00bb global_colors_info=\u00bb{}\u00bb min_height=\u00bb983.5px\u00bb][et_pb_column type=\u00bb1_2&#8243; _builder_version=\u00bb4.16&#8243; _module_preset=\u00bbdefault\u00bb global_colors_info=\u00bb{}\u00bb][et_pb_image src=\u00bbhttps:\/\/rcfincas.es\/wp-content\/uploads\/2024\/01\/engineering-firm-44.png\u00bb title_text=\u00bbshutterstock_1921785788-scaled\u00bb align=\u00bbright\u00bb _builder_version=\u00bb4.23.4&#8243; _module_preset=\u00bbdefault\u00bb background_image=\u00bbhttps:\/\/rcfincas.es\/wp-content\/uploads\/2024\/01\/shutterstock_1921785788-scaled-1.jpg\u00bb max_height=\u00bb1000px\u00bb custom_margin=\u00bb-164px|||-10vw|false|false\u00bb custom_margin_tablet=\u00bb|||0vw|false|false\u00bb custom_margin_phone=\u00bb\u00bb custom_margin_last_edited=\u00bbon|phone\u00bb global_colors_info=\u00bb{}\u00bb][\/et_pb_image][\/et_pb_column][et_pb_column type=\u00bb1_2&#8243; _builder_version=\u00bb4.16&#8243; _module_preset=\u00bbdefault\u00bb positioning=\u00bbabsolute\u00bb position_origin_a=\u00bbbottom_right\u00bb position_origin_a_tablet=\u00bb\u00bb position_origin_a_phone=\u00bb\u00bb position_origin_a_last_edited=\u00bbon|tablet\u00bb position_origin_f_tablet=\u00bb\u00bb position_origin_f_phone=\u00bb\u00bb position_origin_f_last_edited=\u00bbon|tablet\u00bb position_origin_r_tablet=\u00bb\u00bb position_origin_r_phone=\u00bb\u00bb position_origin_r_last_edited=\u00bbon|tablet\u00bb positioning_tablet=\u00bbnone\u00bb positioning_phone=\u00bb\u00bb positioning_last_edited=\u00bbon|tablet\u00bb global_colors_info=\u00bb{}\u00bb][et_pb_text _builder_version=\u00bb4.23.4&#8243; _module_preset=\u00bbdefault\u00bb text_font=\u00bbMontserrat||||||||\u00bb text_text_color=\u00bb#000000&#8243; text_font_size=\u00bb51px\u00bb text_line_height=\u00bb1.1em\u00bb header_font=\u00bbMontserrat||||||||\u00bb max_width=\u00bb510px\u00bb custom_margin=\u00bb-3px|||||\u00bb text_font_size_tablet=\u00bb14px\u00bb text_font_size_phone=\u00bb22px\u00bb text_font_size_last_edited=\u00bbon|tablet\u00bb locked=\u00bboff\u00bb global_colors_info=\u00bb{}\u00bb]<\/p>\n<p>NUESTRA TRAYECTORIA: <strong>NOSOTROS<\/strong><\/p>\n<p>[\/et_pb_text][et_pb_text _builder_version=\u00bb4.23.4&#8243; _module_preset=\u00bbdefault\u00bb text_font=\u00bbOpen Sans||||||||\u00bb text_text_color=\u00bb#000000&#8243; text_line_height=\u00bb1.8em\u00bb max_width=\u00bb518px\u00bb custom_margin=\u00bb12px|-91px|28px|||\u00bb text_font_size_tablet=\u00bb14px\u00bb text_font_size_phone=\u00bb13px\u00bb text_font_size_last_edited=\u00bbon|tablet\u00bb locked=\u00bboff\u00bb global_colors_info=\u00bb{}\u00bb]<\/p>\n<p data-start=\"318\" data-end=\"603\" style=\"text-align: justify;\">Con m\u00e1s de <strong data-start=\"329\" data-end=\"406\">15 a\u00f1os de experiencia profesional en la administraci\u00f3n de fincas urbanas<\/strong>, hemos desarrollado una trayectoria s\u00f3lida y especializada en la gesti\u00f3n integral de comunidades de propietarios, caracterizada por nuestro compromiso con la excelencia, la eficacia y la cercan\u00eda.<\/p>\n<p data-start=\"605\" data-end=\"964\" style=\"text-align: justify;\">Tras a\u00f1os dedic\u00e1ndonos de forma continuada al sector y consolidar una <strong data-start=\"675\" data-end=\"722\">cartera estable y fidelizada de comunidades<\/strong>, en diciembre de 2022 decidimos dar un paso adelante fundando <strong data-start=\"785\" data-end=\"815\">RC Fincas y Servicios S.L.<\/strong>. El objetivo fue claro: profesionalizar a\u00fan m\u00e1s nuestra estructura y crear una marca con capacidad para seguir creciendo sin perder nuestra esencia.<\/p>\n<p data-start=\"966\" data-end=\"1344\" style=\"text-align: justify;\">Nuestro equipo est\u00e1 liderado por <strong data-start=\"999\" data-end=\"1018\">Rebeca y Carlos<\/strong>, profesionales altamente cualificados con formaci\u00f3n espec\u00edfica en las \u00e1reas econ\u00f3micas, t\u00e9cnicas y jur\u00eddicas de la administraci\u00f3n de fincas. Contamos con el <strong data-start=\"1176\" data-end=\"1247\">respaldo oficial del Colegio de Administradores de Fincas de Madrid<\/strong>, lo que refuerza nuestro compromiso con el cumplimiento normativo y la buena praxis profesional.<\/p>\n<p data-start=\"1346\" data-end=\"1677\" style=\"text-align: justify;\">Detr\u00e1s de RC Fincas hay mucho m\u00e1s que una sociedad: hay un equipo humano comprometido, resolutivo y orientado a resultados. Gracias a la experiencia acumulada y a la confianza de nuestros clientes, hemos demostrado que es posible ofrecer una gesti\u00f3n eficaz, \u00e1gil y transparente, adaptada a las necesidades reales de cada comunidad.<\/p>\n<p data-start=\"1679\" data-end=\"2054\" style=\"text-align: justify;\">Comenzamos nuestra andadura profesional en el madrile\u00f1o barrio de <strong data-start=\"1745\" data-end=\"1757\">Chamber\u00ed<\/strong>, con nuestra sede en la calle Zurbano. Gracias al crecimiento sostenido y al respaldo de nuestros clientes, actualmente contamos con una segunda sede en <strong data-start=\"1911\" data-end=\"1949\">Miramadrid \u2013 Paracuellos de Jarama<\/strong>, lo que nos permite estar m\u00e1s cerca de nuestras comunidades y ofrecer un servicio a\u00fan m\u00e1s personalizado.<\/p>\n<p data-start=\"2056\" data-end=\"2260\" style=\"text-align: justify;\">Nuestra mayor satisfacci\u00f3n es mantener la fidelidad de los propietarios que nos acompa\u00f1an desde nuestros inicios, a quienes seguimos atendiendo con el mismo compromiso, rigor y profesionalidad de siempre.<\/p>\n<p>[\/et_pb_text][et_pb_button button_url=\u00bbhttps:\/\/rcfincas.es\/administracion-de-fincas\/\u00bb button_text=\u00bbNUESTROS SERVICIOS\u00bb button_alignment=\u00bbleft\u00bb _builder_version=\u00bb4.23.4&#8243; _module_preset=\u00bbdefault\u00bb custom_button=\u00bbon\u00bb button_text_size=\u00bb12px\u00bb button_text_color=\u00bb#000000&#8243; button_border_width=\u00bb1px\u00bb button_border_color=\u00bb#000000&#8243; button_border_radius=\u00bb0px\u00bb button_letter_spacing=\u00bb2px\u00bb button_font=\u00bbMontserrat||||||||\u00bb button_use_icon=\u00bboff\u00bb custom_margin=\u00bb||50px||false|false\u00bb custom_padding=\u00bb20px|20px|20px|20px|true|false\u00bb global_colors_info=\u00bb{}\u00bb][\/et_pb_button][\/et_pb_column][\/et_pb_row][\/et_pb_section]<\/p>","protected":false},"excerpt":{"rendered":"<p>NUESTRA TRAYECTORIA: NOSOTROSCon m\u00e1s de 15 a\u00f1os de experiencia profesional en la administraci\u00f3n de fincas urbanas, hemos desarrollado una trayectoria s\u00f3lida y especializada en la gesti\u00f3n integral de comunidades de propietarios, caracterizada por nuestro compromiso con la excelencia, la eficacia y la cercan\u00eda. Tras a\u00f1os dedic\u00e1ndonos de forma continuada al sector y consolidar una cartera [&hellip;]<\/p>","protected":false},"author":1,"featured_media":0,"parent":0,"menu_order":0,"comment_status":"closed","ping_status":"closed","template":"","meta":{"_et_pb_use_builder":"on","_et_pb_old_content":"","_et_gb_content_width":"","_joinchat":[],"footnotes":""},"class_list":["post-182","page","type-page","status-publish","hentry"],"_links":{"self":[{"href":"https:\/\/rcfincas.es\/en\/wp-json\/wp\/v2\/pages\/182","targetHints":{"allow":["GET"]}}],"collection":[{"href":"https:\/\/rcfincas.es\/en\/wp-json\/wp\/v2\/pages"}],"about":[{"href":"https:\/\/rcfincas.es\/en\/wp-json\/wp\/v2\/types\/page"}],"author":[{"embeddable":true,"href":"https:\/\/rcfincas.es\/en\/wp-json\/wp\/v2\/users\/1"}],"replies":[{"embeddable":true,"href":"https:\/\/rcfincas.es\/en\/wp-json\/wp\/v2\/comments?post=182"}],"version-history":[{"count":15,"href":"https:\/\/rcfincas.es\/en\/wp-json\/wp\/v2\/pages\/182\/revisions"}],"predecessor-version":[{"id":26002,"href":"https:\/\/rcfincas.es\/en\/wp-json\/wp\/v2\/pages\/182\/revisions\/26002"}],"wp:attachment":[{"href":"https:\/\/rcfincas.es\/en\/wp-json\/wp\/v2\/media?parent=182"}],"curies":[{"name":"wp","href":"https:\/\/api.w.org\/{rel}","templated":true}]}}