{"id":247,"date":"2024-01-24T10:57:57","date_gmt":"2024-01-24T09:57:57","guid":{"rendered":"http:\/\/rcfincas.es\/?page_id=247"},"modified":"2026-04-14T14:48:21","modified_gmt":"2026-04-14T12:48:21","slug":"tucomunidadapp","status":"publish","type":"page","link":"https:\/\/rcfincas.es\/en\/tucomunidadapp\/","title":{"rendered":"tucomunidadapp"},"content":{"rendered":"<p>[et_pb_section fb_built=\u00bb1&#8243; _builder_version=\u00bb4.23.4&#8243; _module_preset=\u00bbdefault\u00bb background_color=\u00bb#f2f2f2&#8243; global_colors_info=\u00bb{}\u00bb][et_pb_row _builder_version=\u00bb4.23.4&#8243; _module_preset=\u00bbdefault\u00bb global_colors_info=\u00bb{}\u00bb][et_pb_column type=\u00bb4_4&#8243; _builder_version=\u00bb4.23.4&#8243; _module_preset=\u00bbdefault\u00bb global_colors_info=\u00bb{}\u00bb][et_pb_code _builder_version=\u00bb4.23.4&#8243; _module_preset=\u00bbdefault\u00bb hover_enabled=\u00bb0&#8243; global_colors_info=\u00bb{}\u00bb sticky_enabled=\u00bb0&#8243;]<\/p>\n<div style=\"text-align:center; padding:60px 20px;\"><!-- [et_pb_line_break_holder] -->  <\/p>\n<h2 style=\"margin-bottom:15px;\">\u00c1rea privada de propietarios<\/h2>\n<p><!-- [et_pb_line_break_holder] -->  <pee style=\"margin-bottom:25px;\"><!-- [et_pb_line_break_holder] -->    Acceda a su comunidad, documentaci\u00f3n, incidencias y recibos desde su acceso privado.<!-- [et_pb_line_break_holder] -->  <\/pee><!-- [et_pb_line_break_holder] -->  <a href=\"https:\/\/private.tucomunidapp.com\/login\" target=\"_blank\" rel=\"noopener noreferrer\"<!--no numeric noise key 1003-->     style=\u00bbdisplay:inline-block; background:#000; color:#fff; padding:14px 28px; border-radius:30px; text-decoration:none; font-weight:600;\u00bb><!-- [et_pb_line_break_holder] -->    ACCEDER A TU COMUNIDAD 24H<!-- [et_pb_line_break_holder] -->  <\/a><!-- [et_pb_line_break_holder] --><\/div>\n<p>[\/et_pb_code][\/et_pb_column][\/et_pb_row][et_pb_row column_structure=\u00bb1_2,1_2&#8243; _builder_version=\u00bb4.23.4&#8243; _module_preset=\u00bbdefault\u00bb global_colors_info=\u00bb{}\u00bb][et_pb_column type=\u00bb1_2&#8243; _builder_version=\u00bb4.23.4&#8243; _module_preset=\u00bbdefault\u00bb background_image=\u00bbhttps:\/\/rcfincas.es\/wp-content\/uploads\/2024\/01\/TUCOMUNIDAD.png\u00bb background_size=\u00bbcontain\u00bb custom_padding=\u00bb8vw|11%|4vw|11%|false|true\u00bb global_colors_info=\u00bb{}\u00bb][et_pb_number_counter number=\u00bbSIEMPRE CONTIGO\u00bb _builder_version=\u00bb4.23.4&#8243; _module_preset=\u00bbb0607c49-14df-417b-b793-d81d50b92583&#8243; number_font=\u00bbMontserrat|300|||||||\u00bb number_font_size=\u00bb27px\u00bb number_letter_spacing=\u00bb3px\u00bb number_line_height=\u00bb29px\u00bb background_image=\u00bbhttps:\/\/rcfincas.es\/wp-content\/uploads\/2024\/01\/senior-care-1.png\u00bb background_size=\u00bbcontain\u00bb custom_padding=\u00bb60px|60px|60px|60px|true|true\u00bb custom_padding_tablet=\u00bb60px|60px|60px|60px|true|true\u00bb custom_padding_phone=\u00bb40px|40px|40px|40px|true|true\u00bb custom_padding_last_edited=\u00bbon|tablet\u00bb number_font_size_phone=\u00bb22px\u00bb locked=\u00bboff\u00bb global_colors_info=\u00bb{}\u00bb][\/et_pb_number_counter][\/et_pb_column][et_pb_column type=\u00bb1_2&#8243; _builder_version=\u00bb4.22.0&#8243; _module_preset=\u00bbdefault\u00bb global_colors_info=\u00bb{}\u00bb][et_pb_text _builder_version=\u00bb4.23.4&#8243; _module_preset=\u00bbba0264ce-8cb2-4b78-a2f5-65bac1851aae\u00bb header_2_font=\u00bbMontserrat||||||||\u00bb header_2_font_size=\u00bb32px\u00bb custom_margin=\u00bb||10px||false|false\u00bb global_colors_info=\u00bb{}\u00bb]<\/p>\n<h2>Tu Comunidad App<\/h2>\n<p>[\/et_pb_text][et_pb_text _builder_version=\u00bb4.23.4&#8243; _module_preset=\u00bb5dc5f66f-d2ab-4126-8b42-c3a35756e74b\u00bb text_font=\u00bbOpen Sans||||||||\u00bb text_font_size=\u00bb14px\u00bb global_colors_info=\u00bb{}\u00bb]<\/p>\n<p style=\"text-align: left;\">Estamos comprometidos a proporcionarle un servicio completo y satisfactorio para el bienestar y eficiencia de su comunidad de propietarios. En nuestro compromiso con la excelencia, le proporcionamos una plataforma integral para optimizar la administraci\u00f3n y disfrute de su comunidad de propietarios.<\/p>\n<p style=\"text-align: left;\">Servicios Profesionales Adaptados a las necesidades de tu comunidad<\/p>\n<p>[\/et_pb_text][et_pb_blurb title=\u00bbConsultas Generales:\u00bb use_icon=\u00bbon\u00bb font_icon=\u00bb&#x4e;||divi||400&#8243; _builder_version=\u00bb4.23.4&#8243; _module_preset=\u00bbdc5bb717-7170-415f-a03d-2994cf15fd97&#8243; body_font=\u00bbMontserrat||||||||\u00bb body_font_size=\u00bb14px\u00bb custom_margin=\u00bb||10px||false|false\u00bb locked=\u00bboff\u00bb global_colors_info=\u00bb{}\u00bb]<\/p>\n<p>Acceda f\u00e1cilmente a informaci\u00f3n relevante sobre su comunidad de propietarios, como convocatorias de juntas, actas, informes econ\u00f3micos, y m\u00e1s, publicada peri\u00f3dicamente.<\/p>\n<p>[\/et_pb_blurb][et_pb_blurb title=\u00bbGestiones con los Proveedores:\u00bb use_icon=\u00bbon\u00bb font_icon=\u00bb&#x4e;||divi||400&#8243; _builder_version=\u00bb4.23.4&#8243; _module_preset=\u00bbdc5bb717-7170-415f-a03d-2994cf15fd97&#8243; body_font=\u00bbMontserrat||||||||\u00bb body_font_size=\u00bb14px\u00bb custom_margin=\u00bb||10px||false|false\u00bb locked=\u00bboff\u00bb global_colors_info=\u00bb{}\u00bb]<\/p>\n<p>Simplificamos la recepci\u00f3n de presupuestos, resoluci\u00f3n de incidencias y manejo de facturas, asegurando una gesti\u00f3n eficiente y transparente.<\/p>\n<p>[\/et_pb_blurb][et_pb_blurb title=\u00bbTareas del D\u00eda a D\u00eda del Despacho:\u00bb use_icon=\u00bbon\u00bb font_icon=\u00bb&#x4e;||divi||400&#8243; _builder_version=\u00bb4.23.4&#8243; _module_preset=\u00bbdc5bb717-7170-415f-a03d-2994cf15fd97&#8243; body_font=\u00bbMontserrat||||||||\u00bb body_font_size=\u00bb14px\u00bb custom_margin=\u00bb||10px||false|false\u00bb locked=\u00bboff\u00bb global_colors_info=\u00bb{}\u00bb]<\/p>\n<p>Ofrecemos un seguimiento integral y control de las comunidades, incluyendo la contabilizaci\u00f3n de facturas, gesti\u00f3n de morosos y an\u00e1lisis de rentabilidad para un funcionamiento sin contratiempos.<\/p>\n<p>[\/et_pb_blurb][et_pb_blurb title=\u00bbGesti\u00f3n de Siniestros:\u00bb use_icon=\u00bbon\u00bb font_icon=\u00bb&#x4e;||divi||400&#8243; _builder_version=\u00bb4.23.4&#8243; _module_preset=\u00bbdc5bb717-7170-415f-a03d-2994cf15fd97&#8243; body_font=\u00bbMontserrat||||||||\u00bb body_font_size=\u00bb14px\u00bb custom_margin=\u00bb||10px||false|false\u00bb locked=\u00bboff\u00bb global_colors_info=\u00bb{}\u00bb]<\/p>\n<p>Notifique de manera r\u00e1pida y segura las aver\u00edas e incidencias en su comunidad.<\/p>\n<p>[\/et_pb_blurb][et_pb_blurb title=\u00bbOtras Gestiones:\u00bb use_icon=\u00bbon\u00bb font_icon=\u00bb&#x4e;||divi||400&#8243; _builder_version=\u00bb4.23.4&#8243; _module_preset=\u00bbdc5bb717-7170-415f-a03d-2994cf15fd97&#8243; body_font=\u00bbMontserrat||||||||\u00bb body_font_size=\u00bb14px\u00bb custom_margin=\u00bb||10px||false|false\u00bb locked=\u00bboff\u00bb global_colors_info=\u00bb{}\u00bb]<\/p>\n<p>Adem\u00e1s, puede solicitar cambios de domiciliaci\u00f3n de recibos, garantizando una respuesta \u00e1gil y efectiva.<\/p>\n<p>[\/et_pb_blurb][\/et_pb_column][\/et_pb_row][\/et_pb_section]<\/p>","protected":false},"excerpt":{"rendered":"<p>Tu Comunidad AppEstamos comprometidos a proporcionarle un servicio completo y satisfactorio para el bienestar y eficiencia de su comunidad de propietarios. En nuestro compromiso con la excelencia, le proporcionamos una plataforma integral para optimizar la administraci\u00f3n y disfrute de su comunidad de propietarios. Servicios Profesionales Adaptados a las necesidades de tu comunidadAcceda f\u00e1cilmente a informaci\u00f3n [&hellip;]<\/p>","protected":false},"author":1,"featured_media":0,"parent":0,"menu_order":0,"comment_status":"closed","ping_status":"closed","template":"","meta":{"_et_pb_use_builder":"on","_et_pb_old_content":"","_et_gb_content_width":"","_joinchat":[],"footnotes":""},"class_list":["post-247","page","type-page","status-publish","hentry"],"_links":{"self":[{"href":"https:\/\/rcfincas.es\/en\/wp-json\/wp\/v2\/pages\/247","targetHints":{"allow":["GET"]}}],"collection":[{"href":"https:\/\/rcfincas.es\/en\/wp-json\/wp\/v2\/pages"}],"about":[{"href":"https:\/\/rcfincas.es\/en\/wp-json\/wp\/v2\/types\/page"}],"author":[{"embeddable":true,"href":"https:\/\/rcfincas.es\/en\/wp-json\/wp\/v2\/users\/1"}],"replies":[{"embeddable":true,"href":"https:\/\/rcfincas.es\/en\/wp-json\/wp\/v2\/comments?post=247"}],"version-history":[{"count":6,"href":"https:\/\/rcfincas.es\/en\/wp-json\/wp\/v2\/pages\/247\/revisions"}],"predecessor-version":[{"id":26060,"href":"https:\/\/rcfincas.es\/en\/wp-json\/wp\/v2\/pages\/247\/revisions\/26060"}],"wp:attachment":[{"href":"https:\/\/rcfincas.es\/en\/wp-json\/wp\/v2\/media?parent=247"}],"curies":[{"name":"wp","href":"https:\/\/api.w.org\/{rel}","templated":true}]}}