{"id":25687,"date":"2024-01-31T11:46:00","date_gmt":"2024-01-31T10:46:00","guid":{"rendered":"https:\/\/rcfincas.es\/?page_id=25687"},"modified":"2025-02-21T12:27:03","modified_gmt":"2025-02-21T11:27:03","slug":"politica-de-cookies","status":"publish","type":"page","link":"https:\/\/rcfincas.es\/en\/politica-de-cookies\/","title":{"rendered":"POL\u00cdTICA DE COOKIES"},"content":{"rendered":"<p>[et_pb_section fb_built=\u00bb1&#8243; _builder_version=\u00bb4.23.4&#8243; _module_preset=\u00bbdefault\u00bb global_colors_info=\u00bb{}\u00bb][et_pb_row _builder_version=\u00bb4.23.4&#8243; _module_preset=\u00bbdefault\u00bb global_colors_info=\u00bb{}\u00bb][et_pb_column type=\u00bb4_4&#8243; _builder_version=\u00bb4.23.4&#8243; _module_preset=\u00bbdefault\u00bb global_colors_info=\u00bb{}\u00bb][et_pb_text _builder_version=\u00bb4.23.4&#8243; _module_preset=\u00bbdefault\u00bb global_colors_info=\u00bb{}\u00bb]<\/p>\n<p><strong>POL\u00cdTICA DE COOKIES<\/strong><\/p>\n<p><strong>\u00bfQu\u00e9 es una Cookie?<\/strong><\/p>\n<p>Una Cookie es un fichero que se descarga en su ordenador al acceder a determinadas p\u00e1ginas Web. Las Cookies permiten a una p\u00e1gina Web, entre otras cosas, almacenar y recuperar informaci\u00f3n sobre los h\u00e1bitos de navegaci\u00f3n de un usuario o de su equipo y, dependiendo de la informaci\u00f3n que contengan y de la forma en que se utilice su equipo, pueden servir para reconocerlo.<\/p>\n<p>No obstante, estos medios s\u00f3lo obtienen informaci\u00f3n relacionada con el n\u00famero de p\u00e1ginas visitas, la ciudad a la que est\u00e1 asignada la direcci\u00f3n IP desde la que se accede, el n\u00famero de nuevos usuarios, la frecuencia y reincidencia de las visitas, el tiempo de visita, el navegador o el operador o tipo de terminal desde el que se realiza la visita. En ning\u00fan caso se obtienen datos sobre el nombre, apellidos, direcci\u00f3n postal u otros datos an\u00e1logos del usuario que se ha conectado.<\/p>\n<p><strong>\u00bfQu\u00e9 tipos de Cookies existen?<\/strong><\/p>\n<p>Las Cookies pueden ser propias o de terceros. Las propias son aqu\u00e9llas que se env\u00edan al equipo terminal del usuario desde un equipo o dominio gestionado por el propio editor de la Web, desde el que se presta el servicio solicitado por el usuario. Las Cookies de tercero son aqu\u00e9llas que se env\u00edan al equipo terminal del usuario desde un equipo o dominio que no es gestionado por el editor, sino por otra entidad que trata los datos obtenidos trav\u00e9s de las Cookies.<\/p>\n<p>Adem\u00e1s, las Cookies pueden ser de sesi\u00f3n o persistentes. Las primeras son un tipo de Cookies dise\u00f1adas para recabar y almacenar datos mientras el usuario accede a una p\u00e1gina Web. Las persistentes son un tipo de Cookies que hace que los datos sigan almacenados en el terminal y puedan ser accedidos y tratados durante un periodo definido por el responsable de la Cookie, que puede ir de unos minutos a varios a\u00f1os.<\/p>\n<p><strong>\u00bfQui\u00e9n es el responsable del tratamiento de las Cookies en esta p\u00e1gina Web? <\/strong><\/p>\n<p>El titular de la Web y responsable del tratamiento de las Cookies es RC FINCAS Y SERVICIOS, S.L., con CIF B72883069, domicilio en C\/ ZURBANO, 45 1\u00ba<br \/>28010 MADRID, Madrid, tel\u00e9fono 722152233 y correo electr\u00f3nico rpaisano@rcfincas.es. Asimismo, pueden existir Cookies de terceros distintos del titular de esta Web, como se explica m\u00e1s abajo.<\/p>\n<p><strong>\u00bfCu\u00e1les son las Cookies que utiliza esta Web y para qu\u00e9 se utilizan?<\/strong><\/p>\n<p>&nbsp;<\/p>\n<table>\n<tbody>\n<tr>\n<td width=\"454\">\n<p><em>ATENCI\u00d3N: Este apartado debe ser personalizada por RC FINCAS Y SERVICIOS, S.L. en funci\u00f3n del tipo de Cookies que utilice. Para ello, debe preguntar a los desarrolladores de la Web y completar este texto con la informaci\u00f3n que le faciliten.<\/em><\/p>\n<p><em>Deber\u00e1n indicarse las finalidades de cada Cookie, durante cu\u00e1nto tiempo se guardan, el tipo de Cookie \u2013 an\u00e1lisis, publicitarias, personalizaci\u00f3n, de redes sociales -, si son Cookies propias o de terceros y, en caso de que haya Cookies de terceros, las aplicaciones que utilizan estos terceros.<\/em><\/p>\n<\/td>\n<\/tr>\n<\/tbody>\n<\/table>\n<p>&nbsp;<\/p>\n<p><strong>\u00bfCu\u00e1l es la legitimaci\u00f3n para el uso de las Cookies? <\/strong><\/p>\n<p>En el caso de las Cookies t\u00e9cnicas, es decir, aquellas que resultan imprescindibles para navegar por esta Web y recibir el servicio ofrecido a trav\u00e9s de ella, la base legal de su uso es el acuerdo a trav\u00e9s del cual usted decide utilizar esta p\u00e1gina Web y utilizar sus servicios.<\/p>\n<p>La base legal del uso del resto de Cookies es el consentimiento del usuario, que se le solicita en el momento de acceder a esta Web, pudiendo revocarlo en cualquier momento. La retirada de dicho consentimiento no afectar\u00e1 a la posibilidad de navegar por esta Web y utilizar sus servicios, pero los tratamientos de datos efectuados con anterioridad no perder\u00e1n su licitud por el hecho de que el consentimiento se haya revocado.<\/p>\n<p><strong>\u00bfA qu\u00e9 destinatarios se comunicar\u00e1n las Cookies o podr\u00e1n acceder a ellas? <\/strong><\/p>\n<p>Cuando existan Cookies de terceros, conforme a lo indicado m\u00e1s arriba, dichos terceros podr\u00e1n acceder a las Cookies y utilizarlas en la forma antes descrita.<\/p>\n<p><strong>\u00bfCu\u00e1les son sus derechos en relaci\u00f3n con el uso de Cookies por esta Web? <\/strong><\/p>\n<p>Seg\u00fan dispone la normativa vigente, cualquier persona tiene derecho a obtener confirmaci\u00f3n sobre si se est\u00e1n tratando datos personales que le conciernan, o no. Asimismo, en las condiciones legalmente previstas, las personas interesadas tienen derecho a acceder a sus datos, as\u00ed como a solicitar la rectificaci\u00f3n de los datos inexactos o, en su caso, solicitar su supresi\u00f3n cuando, entre otros motivos, los datos ya no sean necesarios para los fines para los que fueron recogidos. En el caso de las Cookies estos derechos pueden ejercerse con sujeci\u00f3n a las limitaciones derivadas de la naturaleza de estos ficheros.<\/p>\n<p>En las condiciones previstas en el Reglamento General de Protecci\u00f3n de Datos, los interesados podr\u00e1n solicitar la limitaci\u00f3n del tratamiento de sus datos o su portabilidad, en cuyo caso \u00fanicamente los conservaremos para el ejercicio o la defensa de reclamaciones.<\/p>\n<p>En determinadas circunstancias y por motivos relacionados con su situaci\u00f3n particular, los interesados podr\u00e1n oponerse al tratamiento de sus datos. Si usted ha otorgado el consentimiento para alguna finalidad espec\u00edfica, tiene derecho a retirarlo en cualquier momento, sin que ello afecte a la licitud del tratamiento basado en el consentimiento previo a su retirada. En estos supuestos dejaremos de tratar los datos o, en su caso, dejaremos de hacerlo para esa finalidad en concreto, salvo por motivos leg\u00edtimos imperiosos, o el ejercicio o la defensa de posibles reclamaciones.<\/p>\n<p>Frente a cualquier vulneraci\u00f3n de sus derechos, especialmente cuando usted no haya obtenido satisfacci\u00f3n en su ejercicio, puede presentar una reclamaci\u00f3n ante la Agencia Espa\u00f1ola de Protecci\u00f3n de Datos (datos de contacto accesibles en www.aepd.es), u otra autoridad de control competente. Tambi\u00e9n puede obtener m\u00e1s informaci\u00f3n sobre los derechos que le asisten dirigi\u00e9ndose a dichos organismos.<\/p>\n<p><strong>\u00bfC\u00f3mo puedo gestionar las Cookies?<\/strong><\/p>\n<p>Usted puede permitir, bloquear o eliminar las Cookies instaladas en su equipo a trav\u00e9s del link \u201cOPCIONES SOBRE COOKIES\u201d (este link tambi\u00e9n aparece al acceder a esta Web por primera vez). Tambi\u00e9n puede modificar las Cookies instaladas mediante la configuraci\u00f3n de las opciones de su navegador. Puede encontrar informaci\u00f3n sobre c\u00f3mo hacerlo, en relaci\u00f3n con los navegadores m\u00e1s comunes, en los siguientes links:<\/p>\n<p>Explorer:<span>\u00a0<\/span><span>https:\/\/support.microsoft.com\/es-es\/help\/17442\/windows-internet-explorer-delete-manage-Cookies<\/span><\/p>\n<p>Firefox:<span>\u00a0<\/span><span>https:\/\/support.mozilla.org\/es\/kb\/habilitar-y-deshabilitar-Cookies-que-los-sitios-we<\/span><\/p>\n<p>Chrome:<span>\u00a0<\/span><span>http:\/\/support.google.com\/chrome\/bin\/answer.py?hl=es&amp;answer=9564<\/span><a href=\"http:\/\/support.google.com\/chrome\/bin\/answer.py?hl=es&amp;answer=95647\">7<\/a><\/p>\n<p>Safari:\u00a0<span>https:\/\/support.apple.com\/es-es\/guide\/safari\/sfri11471\/mac<\/span><\/p>\n<p>Tenga en cuenta que, si acepta las Cookies de terceros, deber\u00e1 eliminarlas desde las opciones del navegador o desde el sistema ofrecido por el propio tercero.<\/p>\n<p>[\/et_pb_text][\/et_pb_column][\/et_pb_row][\/et_pb_section]<\/p>","protected":false},"excerpt":{"rendered":"<p>POL\u00cdTICA DE COOKIES \u00bfQu\u00e9 es una Cookie? Una Cookie es un fichero que se descarga en su ordenador al acceder a determinadas p\u00e1ginas Web. Las Cookies permiten a una p\u00e1gina Web, entre otras cosas, almacenar y recuperar informaci\u00f3n sobre los h\u00e1bitos de navegaci\u00f3n de un usuario o de su equipo y, dependiendo de la informaci\u00f3n [&hellip;]<\/p>","protected":false},"author":1,"featured_media":0,"parent":0,"menu_order":0,"comment_status":"closed","ping_status":"closed","template":"","meta":{"_et_pb_use_builder":"on","_et_pb_old_content":"","_et_gb_content_width":"","_joinchat":[],"footnotes":""},"class_list":["post-25687","page","type-page","status-publish","hentry"],"_links":{"self":[{"href":"https:\/\/rcfincas.es\/en\/wp-json\/wp\/v2\/pages\/25687","targetHints":{"allow":["GET"]}}],"collection":[{"href":"https:\/\/rcfincas.es\/en\/wp-json\/wp\/v2\/pages"}],"about":[{"href":"https:\/\/rcfincas.es\/en\/wp-json\/wp\/v2\/types\/page"}],"author":[{"embeddable":true,"href":"https:\/\/rcfincas.es\/en\/wp-json\/wp\/v2\/users\/1"}],"replies":[{"embeddable":true,"href":"https:\/\/rcfincas.es\/en\/wp-json\/wp\/v2\/comments?post=25687"}],"version-history":[{"count":4,"href":"https:\/\/rcfincas.es\/en\/wp-json\/wp\/v2\/pages\/25687\/revisions"}],"predecessor-version":[{"id":25970,"href":"https:\/\/rcfincas.es\/en\/wp-json\/wp\/v2\/pages\/25687\/revisions\/25970"}],"wp:attachment":[{"href":"https:\/\/rcfincas.es\/en\/wp-json\/wp\/v2\/media?parent=25687"}],"curies":[{"name":"wp","href":"https:\/\/api.w.org\/{rel}","templated":true}]}}