{"id":25691,"date":"2024-01-31T11:51:28","date_gmt":"2024-01-31T10:51:28","guid":{"rendered":"https:\/\/rcfincas.es\/?page_id=25691"},"modified":"2025-02-21T12:26:34","modified_gmt":"2025-02-21T11:26:34","slug":"politica-de-privacidad","status":"publish","type":"page","link":"https:\/\/rcfincas.es\/en\/politica-de-privacidad\/","title":{"rendered":"Pol\u00edtica de privacidad"},"content":{"rendered":"<p>[et_pb_section fb_built=\u00bb1&#8243; _builder_version=\u00bb4.23.4&#8243; _module_preset=\u00bbdefault\u00bb global_colors_info=\u00bb{}\u00bb][et_pb_row _builder_version=\u00bb4.23.4&#8243; _module_preset=\u00bbdefault\u00bb global_colors_info=\u00bb{}\u00bb][et_pb_column type=\u00bb4_4&#8243; _builder_version=\u00bb4.23.4&#8243; _module_preset=\u00bbdefault\u00bb global_colors_info=\u00bb{}\u00bb][et_pb_text _builder_version=\u00bb4.23.4&#8243; _module_preset=\u00bbdefault\u00bb global_colors_info=\u00bb{}\u00bb]<\/p>\n<p>POL\u00cdTICA DE PRIVACIDAD<\/p>\n<p>Los datos personales facilitados a trav\u00e9s de esta p\u00e1gina Web ser\u00e1n tratados por RC FINCAS Y SERVICIOS, S.L., con CIF B72883069, domicilio en C\/ ZURBANO, 45 1\u00ba<br \/>28010 MADRID, Madrid, tel\u00e9fono 722152233 y correo electr\u00f3nico rpaisano@rcfincas.es.<\/p>\n<p>La finalidad del tratamiento de los datos es la de poder contactar con el remitente de la informaci\u00f3n, dar respuesta a su petici\u00f3n o consulta y hacer un seguimiento posterior. Los datos ser\u00e1n tratados sobre la base jur\u00eddica del consentimiento de la persona que los proporciona. Puede retirarse dicho consentimiento en cualquier momento a trav\u00e9s de la direcci\u00f3n de e-mail mencionada, si bien ello no afectar\u00e1 a la licitud de los tratamientos efectuados con anterioridad. Las categor\u00edas de datos tratadas son las espec\u00edficamente facilitadas por usted.<\/p>\n<p>En caso de que nos facilite sus datos interes\u00e1ndose en nuestros servicios o para solicitar presupuesto, la base legitimadora del tratamiento ser\u00e1 la eventual relaci\u00f3n precontractual.<\/p>\n<p>Los datos no ser\u00e1n comunicados a terceros, salvo en los casos legalmente previstos.<\/p>\n<p>El hecho de facilitarnos los datos es voluntario, aunque, en caso de no hacerlo, no se podr\u00e1 responder a la solicitud, consulta o reclamaci\u00f3n. Por tanto, la comunicaci\u00f3n de sus datos personales a estos efectos es un requisito necesario para que podamos atender las peticiones formuladas por esta v\u00eda. Los datos ser\u00e1n conservados durante el tiempo necesario para dar respuesta a su solicitud, petici\u00f3n, consulta o reclamaci\u00f3n y dar esta por definitivamente cerrada. Posteriormente, ser\u00e1n conservados, a modo de hist\u00f3rico de comunicaciones, durante un plazo de un a\u00f1o, salvo que usted solicite antes su supresi\u00f3n.<\/p>\n<p>En caso de que nos remita su curr\u00edculum v\u00edtae (CV), lo trataremos para disponer de informaci\u00f3n de aquellas personas que desean hacer pr\u00e1cticas y\/o trabajar con nosotros con objeto de poder llevar a cabo los correspondientes procesos de selecci\u00f3n de personal. Si usted remite su CV en respuesta a una oferta de empleo, la base legitimadora del tratamiento ser\u00e1 la relaci\u00f3n precontractual, la aportaci\u00f3n de los datos es obligatoria para tener en cuenta su candidatura y sus datos ser\u00e1n conservados durante el proceso de selecci\u00f3n, salvo que usted solicitara que se tengan en cuenta en procesos futuros, en cuyo caso ser\u00edan conservados durante un plazo de un a\u00f1o. Si usted remite su CV espont\u00e1neamente, sin que tenga relaci\u00f3n con una oferta de empleo concreta, la base legitimadora del tratamiento ser\u00e1 su consentimiento, que puede revocar en cualquier momento, sin que ello afecte a la licitud de los tratamientos efectuados con anterioridad. En este caso de env\u00edo de CV espont\u00e1neamente, los datos ser\u00e1n conservados durante un a\u00f1o desde que sean facilitados o desde su \u00faltima actualizaci\u00f3n. El interesado debe mantener actualizados los datos personales que nos suministre; en especial, los relativos a formaci\u00f3n y experiencia profesional. \u00a0\u00a0Adicionalmente, puede que se recaben m\u00e1s datos durante las entrevistas o procesos de selecci\u00f3n de personal.<\/p>\n<p>En caso de que se haga amigo o seguidor nuestro en redes sociales, trataremos sus datos para mantenerle informado de nuestras actividades y promociones a trav\u00e9s de dichos canales. Los datos ser\u00e1n tratados sobre la base jur\u00eddica de su consentimiento, pudiendo revocarlo en cualquier momento, aunque ello no afectar\u00e1 a la licitud de los tratamientos efectuados con anterioridad. El hecho de facilitar los datos con este fin es voluntario, aunque, en caso de no hacerlo, no podr\u00e1 ser amigo o seguidor nuestro en la correspondiente red social. Las categor\u00edas de datos que se tratan con este fin son datos identificativos. Los datos ser\u00e1n conservados mientras usted permanezca como amigo o seguidor nuestro en la correspondiente plataforma, pudiendo dejar de hacerlo en cualquier momento.<\/p>\n<p>El titular de los datos tiene derecho a solicitar el acceso a ellos, su rectificaci\u00f3n o supresi\u00f3n, as\u00ed como a la limitaci\u00f3n de su tratamiento, a oponerse al mismo y a la portabilidad de sus datos, en los casos previstos en el Reglamento General de Protecci\u00f3n de Datos. Frente a cualquier hecho que considerase una violaci\u00f3n de sus derechos, puede presentar una reclamaci\u00f3n ante la Agencia Espa\u00f1ola de Protecci\u00f3n de Datos (datos de contacto accesibles en www.aepd.es).<\/p>\n<p>Si se facilitan a trav\u00e9s de esta Web datos de terceros, quien lo haga asume la responsabilidad de informarles previamente de todo lo previsto en el art\u00edculo 14 del Reglamento General de Protecci\u00f3n de Datos.<\/p>\n<p>El usuario es responsable de que la informaci\u00f3n que proporcione a trav\u00e9s de esta Web sea cierta. A estos efectos, responde de la veracidad de todos los datos que comunique y mantendr\u00e1 convenientemente actualizada la informaci\u00f3n facilitada, de tal forma que responda a su situaci\u00f3n real. El usuario ser\u00e1 responsable de las informaciones falsas o inexactas que proporcione y de los perjuicios que ello cause al titular de esta Web o a terceros.<\/p>\n<p>Con objeto de garantizar el cumplimiento de la normativa sobre protecci\u00f3n de datos de car\u00e1cter personal, RC FINCAS Y SERVICIOS, S.L. ha recibido el asesoramiento jur\u00eddico de la firma especializada <a href=\"http:\/\/www.piconyasociados.es\">Pic\u00f3n &amp; Asociados Abogados<\/a>.<\/p>\n<p>El titular de esta Web garantiza la seguridad y confidencialidad de los datos de car\u00e1cter personal que le sean facilitados. A tal fin, tiene implantadas las medidas de seguridad de \u00edndole t\u00e9cnica y organizativa que son necesarias para evitar su alteraci\u00f3n, p\u00e9rdida, tratamiento o acceso no autorizados, de acuerdo con lo establecido en la normativa aplicable.<\/p>\n<p>[\/et_pb_text][\/et_pb_column][\/et_pb_row][\/et_pb_section]<\/p>","protected":false},"excerpt":{"rendered":"<p>POL\u00cdTICA DE PRIVACIDAD Los datos personales facilitados a trav\u00e9s de esta p\u00e1gina Web ser\u00e1n tratados por RC FINCAS Y SERVICIOS, S.L., con CIF B72883069, domicilio en C\/ ZURBANO, 45 1\u00ba28010 MADRID, Madrid, tel\u00e9fono 722152233 y correo electr\u00f3nico rpaisano@rcfincas.es. La finalidad del tratamiento de los datos es la de poder contactar con el remitente de la [&hellip;]<\/p>","protected":false},"author":1,"featured_media":0,"parent":0,"menu_order":0,"comment_status":"closed","ping_status":"closed","template":"","meta":{"_et_pb_use_builder":"on","_et_pb_old_content":"","_et_gb_content_width":"","_joinchat":[],"footnotes":""},"class_list":["post-25691","page","type-page","status-publish","hentry"],"_links":{"self":[{"href":"https:\/\/rcfincas.es\/en\/wp-json\/wp\/v2\/pages\/25691","targetHints":{"allow":["GET"]}}],"collection":[{"href":"https:\/\/rcfincas.es\/en\/wp-json\/wp\/v2\/pages"}],"about":[{"href":"https:\/\/rcfincas.es\/en\/wp-json\/wp\/v2\/types\/page"}],"author":[{"embeddable":true,"href":"https:\/\/rcfincas.es\/en\/wp-json\/wp\/v2\/users\/1"}],"replies":[{"embeddable":true,"href":"https:\/\/rcfincas.es\/en\/wp-json\/wp\/v2\/comments?post=25691"}],"version-history":[{"count":5,"href":"https:\/\/rcfincas.es\/en\/wp-json\/wp\/v2\/pages\/25691\/revisions"}],"predecessor-version":[{"id":25969,"href":"https:\/\/rcfincas.es\/en\/wp-json\/wp\/v2\/pages\/25691\/revisions\/25969"}],"wp:attachment":[{"href":"https:\/\/rcfincas.es\/en\/wp-json\/wp\/v2\/media?parent=25691"}],"curies":[{"name":"wp","href":"https:\/\/api.w.org\/{rel}","templated":true}]}}