{"id":277,"date":"2024-01-31T11:13:57","date_gmt":"2024-01-31T10:13:57","guid":{"rendered":"https:\/\/rcfincas.es\/?page_id=277"},"modified":"2025-07-25T21:27:55","modified_gmt":"2025-07-25T19:27:55","slug":"gestion-patrimonial","status":"publish","type":"page","link":"https:\/\/rcfincas.es\/en\/gestion-patrimonial\/","title":{"rendered":"Gesti\u00f3n Patrimonial"},"content":{"rendered":"<p>[et_pb_section fb_built=\u00bb1&#8243; next_background_color=\u00bb#ffffff\u00bb admin_label=\u00bbHeader\u00bb _builder_version=\u00bb4.23.4&#8243; background_enable_color=\u00bboff\u00bb use_background_color_gradient=\u00bbon\u00bb background_color_gradient_stops=\u00bb#000000 0%|rgba(116,155,166,0.21) 50%|rgba(94,111,179,0.21) 100%\u00bb background_color_gradient_overlays_image=\u00bbon\u00bb background_image=\u00bbhttps:\/\/rcfincas.es\/wp-content\/uploads\/2024\/01\/palace-communication-summer-dusk-madrid-1-scaled.jpg\u00bb custom_margin=\u00bb||||false\u00bb custom_padding=\u00bb2vw||2vw||true|false\u00bb bottom_divider_style=\u00bbcurve\u00bb bottom_divider_height=\u00bb6px\u00bb global_colors_info=\u00bb{}\u00bb][et_pb_row _builder_version=\u00bb4.23.4&#8243; background_enable_image=\u00bboff\u00bb background_size=\u00bbcontain\u00bb animation_style=\u00bbzoom\u00bb animation_intensity_zoom=\u00bb10%\u00bb global_colors_info=\u00bb{}\u00bb][et_pb_column type=\u00bb4_4&#8243; _builder_version=\u00bb4.16&#8243; custom_padding=\u00bb|||\u00bb global_colors_info=\u00bb{}\u00bb custom_padding__hover=\u00bb|||\u00bb][et_pb_text _builder_version=\u00bb4.23.4&#8243; _module_preset=\u00bb7d4a8cbc-5ddd-46c9-be95-23498c921cdd\u00bb header_text_color=\u00bb#FFFFFF\u00bb header_2_font=\u00bbMontserrat|500|||||||\u00bb header_2_text_color=\u00bb#FFFFFF\u00bb header_2_font_size=\u00bb46px\u00bb header_2_letter_spacing=\u00bb2px\u00bb header_2_line_height=\u00bb1.3em\u00bb custom_padding=\u00bb0px|||||\u00bb header_2_font_size_tablet=\u00bb30px\u00bb header_2_font_size_phone=\u00bb18px\u00bb header_2_font_size_last_edited=\u00bbon|phone\u00bb header_2_line_height_tablet=\u00bb1.3em\u00bb header_2_line_height_phone=\u00bb1.4em\u00bb header_2_line_height_last_edited=\u00bboff|desktop\u00bb global_colors_info=\u00bb{}\u00bb]<\/p>\n<h2 style=\"text-align: center;\">GESTI\u00d3N PATRIMONIAL<\/h2>\n<p>[\/et_pb_text][et_pb_text _builder_version=\u00bb4.23.4&#8243; text_font=\u00bb||||||||\u00bb text_font_size=\u00bb18px\u00bb header_font=\u00bbMontserrat|500||on|||||\u00bb header_font_size=\u00bb18px\u00bb header_letter_spacing=\u00bb5px\u00bb header_line_height=\u00bb1.5em\u00bb header_2_font=\u00bb|||on|||||\u00bb header_2_text_color=\u00bb#FFFFFF\u00bb header_2_font_size=\u00bb37px\u00bb header_2_letter_spacing=\u00bb5px\u00bb header_2_line_height=\u00bb1.4em\u00bb text_orientation=\u00bbcenter\u00bb background_layout=\u00bbdark\u00bb custom_margin=\u00bb12px||-7px|||\u00bb header_font_size_tablet=\u00bb\u00bb header_font_size_phone=\u00bb12px\u00bb header_font_size_last_edited=\u00bbon|desktop\u00bb header_2_font_size_tablet=\u00bb50px\u00bb header_2_font_size_phone=\u00bb30px\u00bb header_2_font_size_last_edited=\u00bbon|desktop\u00bb global_colors_info=\u00bb{}\u00bb]<\/p>\n<p data-start=\"164\" data-end=\"481\">Ofrecemos un servicio integral para la <strong data-start=\"203\" data-end=\"256\">gesti\u00f3n y optimizaci\u00f3n de propiedades en alquiler<\/strong>, enfocado en maximizar la rentabilidad de cada activo. Evaluamos de forma individualizada cada inmueble mediante <strong data-start=\"370\" data-end=\"400\">valoraciones profesionales<\/strong>, analizando su potencial y situaci\u00f3n en el mercado antes de su comercializaci\u00f3n.<\/p>\n<p data-start=\"483\" data-end=\"795\">Este an\u00e1lisis nos permite establecer el <strong data-start=\"523\" data-end=\"549\">mejor precio de salida<\/strong> y garantizar una oferta competitiva, ajustada a la realidad de un mercado inmobiliario cambiante. Este proceso se repite peri\u00f3dicamente para cada propiedad disponible, asegurando decisiones basadas en datos actualizados y criterios estrat\u00e9gicos.<\/p>\n<p data-start=\"797\" data-end=\"959\">Si desea conocer m\u00e1s sobre c\u00f3mo podemos ayudarle a <strong data-start=\"848\" data-end=\"913\">gestionar su patrimonio con eficiencia y visi\u00f3n a largo plazo<\/strong>, no dude en <strong data-start=\"926\" data-end=\"958\">contactar con nuestro equipo<\/strong>.<\/p>\n<p>[\/et_pb_text][\/et_pb_column][\/et_pb_row][et_pb_row _builder_version=\u00bb4.16&#8243; global_colors_info=\u00bb{}\u00bb][et_pb_column type=\u00bb4_4&#8243; _builder_version=\u00bb4.16&#8243; custom_padding=\u00bb|||\u00bb global_colors_info=\u00bb{}\u00bb custom_padding__hover=\u00bb|||\u00bb][et_pb_button button_url=\u00bbhttps:\/\/rcfincas.es\/contacto\/\u00bb button_text=\u00bbCONTACTA CON NOSOTROS\u00bb button_alignment=\u00bbcenter\u00bb _builder_version=\u00bb4.23.4&#8243; _module_preset=\u00bbdefault\u00bb custom_button=\u00bbon\u00bb button_text_size=\u00bb12px\u00bb button_text_color=\u00bb#000000&#8243; button_bg_color=\u00bb#e8e8e8&#8243; button_border_width=\u00bb1px\u00bb button_border_color=\u00bb#FFFFFF\u00bb button_border_radius=\u00bb0px\u00bb button_letter_spacing=\u00bb2px\u00bb button_font=\u00bbMontserrat||||||||\u00bb button_icon=\u00bb&#xe00b;||divi||400&#8243; button_icon_color=\u00bb#FFFFFF\u00bb button_on_hover=\u00bboff\u00bb custom_margin=\u00bb||||false|false\u00bb custom_padding=\u00bb20px|34px|20px|20px|false|false\u00bb global_colors_info=\u00bb{}\u00bb][\/et_pb_button][\/et_pb_column][\/et_pb_row][\/et_pb_section][et_pb_section fb_built=\u00bb1&#8243; prev_background_color=\u00bb#000000&#8243; admin_label=\u00bbServices\u00bb _builder_version=\u00bb4.23.4&#8243; _module_preset=\u00bbdefault\u00bb custom_margin=\u00bb||||false|false\u00bb custom_padding=\u00bb4vw||||false|false\u00bb top_divider_style=\u00bbslant\u00bb top_divider_height=\u00bb0vw\u00bb hover_enabled=\u00bb0&#8243; global_colors_info=\u00bb{}\u00bb sticky_enabled=\u00bb0&#8243;][et_pb_row _builder_version=\u00bb4.23.4&#8243; _module_preset=\u00bbdefault\u00bb global_colors_info=\u00bb{}\u00bb][et_pb_column type=\u00bb4_4&#8243; _builder_version=\u00bb4.23.4&#8243; _module_preset=\u00bbdefault\u00bb global_colors_info=\u00bb{}\u00bb][et_pb_text _builder_version=\u00bb4.23.4&#8243; _module_preset=\u00bb7d4a8cbc-5ddd-46c9-be95-23498c921cdd\u00bb header_2_font=\u00bbMontserrat|500|||||||\u00bb header_2_text_color=\u00bb#000000&#8243; header_2_font_size=\u00bb16px\u00bb header_2_letter_spacing=\u00bb2px\u00bb header_2_line_height=\u00bb1.3em\u00bb custom_padding=\u00bb0px|||||\u00bb header_2_font_size_tablet=\u00bb30px\u00bb header_2_font_size_phone=\u00bb18px\u00bb header_2_font_size_last_edited=\u00bbon|phone\u00bb header_2_line_height_tablet=\u00bb1.3em\u00bb header_2_line_height_phone=\u00bb1.4em\u00bb header_2_line_height_last_edited=\u00bboff|desktop\u00bb global_colors_info=\u00bb{}\u00bb]<\/p>\n<h2 style=\"text-align: center;\">GESTI\u00d3N PATRIMONIAL<\/h2>\n<p>[\/et_pb_text][\/et_pb_column][\/et_pb_row][et_pb_row column_structure=\u00bb1_3,1_3,1_3&#8243; _builder_version=\u00bb4.16&#8243; _module_preset=\u00bbdefault\u00bb global_colors_info=\u00bb{}\u00bb][et_pb_column type=\u00bb1_3&#8243; _builder_version=\u00bb4.16&#8243; _module_preset=\u00bbdefault\u00bb global_colors_info=\u00bb{}\u00bb][et_pb_blurb title=\u00bb\ud83c\udfe0 INMOBILIARIA\u00bb use_icon=\u00bbon\u00bb font_icon=\u00bb&#xf015;||fa||900&#8243; icon_color=\u00bb#000000&#8243; image_icon_width=\u00bb40px\u00bb content_max_width=\u00bb100%\u00bb _builder_version=\u00bb4.23.4&#8243; _module_preset=\u00bba9c19a80-4e24-4315-9a62-909b5d3c40bd\u00bb header_font=\u00bb|700|||||||\u00bb header_font_size=\u00bb16px\u00bb header_line_height=\u00bb1.6em\u00bb body_font_size=\u00bb16px\u00bb body_line_height=\u00bb1.8em\u00bb text_orientation=\u00bbcenter\u00bb animation=\u00bboff\u00bb hover_enabled=\u00bb0&#8243; header_font_size_tablet=\u00bb18px\u00bb header_font_size_phone=\u00bb16px\u00bb header_font_size_last_edited=\u00bboff|desktop\u00bb body_font_size_tablet=\u00bb14px\u00bb body_font_size_phone=\u00bb13px\u00bb body_font_size_last_edited=\u00bbon|phone\u00bb global_colors_info=\u00bb{}\u00bb sticky_enabled=\u00bb0&#8243;]<\/p>\n<p><strong data-start=\"190\" data-end=\"246\">Optimizamos la ocupaci\u00f3n de los inmuebles en gesti\u00f3n<\/strong>, seleccionando inquilinos solventes y coordinando todo el proceso de alquiler para maximizar el rendimiento de cada propiedad.<\/p>\n<p>[\/et_pb_blurb][\/et_pb_column][et_pb_column type=\u00bb1_3&#8243; _builder_version=\u00bb4.16&#8243; _module_preset=\u00bbdefault\u00bb global_colors_info=\u00bb{}\u00bb][et_pb_blurb title=\u00bb\ud83d\udd11 RENTAS\u00bb use_icon=\u00bbon\u00bb font_icon=\u00bb&#xe06e;||divi||400&#8243; icon_color=\u00bb#000000&#8243; image_icon_width=\u00bb40px\u00bb content_max_width=\u00bb100%\u00bb _builder_version=\u00bb4.23.4&#8243; _module_preset=\u00bba9c19a80-4e24-4315-9a62-909b5d3c40bd\u00bb header_font=\u00bb|700|||||||\u00bb header_font_size=\u00bb16px\u00bb header_line_height=\u00bb1.6em\u00bb body_font_size=\u00bb16px\u00bb body_line_height=\u00bb1.8em\u00bb text_orientation=\u00bbcenter\u00bb animation=\u00bboff\u00bb hover_enabled=\u00bb0&#8243; header_font_size_tablet=\u00bb18px\u00bb header_font_size_phone=\u00bb16px\u00bb header_font_size_last_edited=\u00bboff|desktop\u00bb body_font_size_tablet=\u00bb14px\u00bb body_font_size_phone=\u00bb13px\u00bb body_font_size_last_edited=\u00bbon|phone\u00bb global_colors_info=\u00bb{}\u00bb sticky_enabled=\u00bb0&#8243;]<\/p>\n<p><strong data-start=\"396\" data-end=\"467\">Realizamos un control riguroso de cobros y actualizaciones de renta<\/strong>, aplicando revisiones conforme a contrato y a la normativa vigente para asegurar ingresos estables y continuos.<\/p>\n<p>&nbsp;<\/p>\n<p>[\/et_pb_blurb][\/et_pb_column][et_pb_column type=\u00bb1_3&#8243; _builder_version=\u00bb4.16&#8243; _module_preset=\u00bbdefault\u00bb global_colors_info=\u00bb{}\u00bb][et_pb_blurb title=\u00bb\ud83d\udcac ASESORAMIENTO\u00bb use_icon=\u00bbon\u00bb font_icon=\u00bb&#xe066;||divi||400&#8243; icon_color=\u00bb#000000&#8243; image_icon_width=\u00bb40px\u00bb content_max_width=\u00bb100%\u00bb _builder_version=\u00bb4.23.4&#8243; _module_preset=\u00bba9c19a80-4e24-4315-9a62-909b5d3c40bd\u00bb header_font=\u00bb|700|||||||\u00bb header_font_size=\u00bb16px\u00bb header_line_height=\u00bb1.6em\u00bb body_font_size=\u00bb16px\u00bb body_line_height=\u00bb1.8em\u00bb text_orientation=\u00bbcenter\u00bb animation=\u00bboff\u00bb header_font_size_tablet=\u00bb18px\u00bb header_font_size_phone=\u00bb16px\u00bb header_font_size_last_edited=\u00bboff|desktop\u00bb body_font_size_tablet=\u00bb14px\u00bb body_font_size_phone=\u00bb13px\u00bb body_font_size_last_edited=\u00bbon|phone\u00bb global_colors_info=\u00bb{}\u00bb]<\/p>\n<p>Brindamos <strong data-start=\"619\" data-end=\"670\">asesoramiento fiscal, jur\u00eddico y administrativo<\/strong>, garantizando que cada operaci\u00f3n se realice conforme a ley, y anticip\u00e1ndonos a posibles incidencias regulatorias o contractuales.<\/p>\n<p>[\/et_pb_blurb][\/et_pb_column][\/et_pb_row][et_pb_row column_structure=\u00bb1_3,1_3,1_3&#8243; _builder_version=\u00bb4.16&#8243; _module_preset=\u00bbdefault\u00bb custom_margin=\u00bb4px|auto||auto||\u00bb global_colors_info=\u00bb{}\u00bb][et_pb_column type=\u00bb1_3&#8243; _builder_version=\u00bb4.16&#8243; _module_preset=\u00bbdefault\u00bb global_colors_info=\u00bb{}\u00bb][et_pb_blurb title=\u00bb\ud83d\udcc4 CONTRATOS\u00bb use_icon=\u00bbon\u00bb font_icon=\u00bb&#xf249;||fa||900&#8243; icon_color=\u00bb#000000&#8243; image_icon_width=\u00bb40px\u00bb content_max_width=\u00bb100%\u00bb _builder_version=\u00bb4.23.4&#8243; _module_preset=\u00bba9c19a80-4e24-4315-9a62-909b5d3c40bd\u00bb header_font=\u00bb|700|||||||\u00bb header_font_size=\u00bb16px\u00bb header_line_height=\u00bb1.6em\u00bb body_font_size=\u00bb16px\u00bb body_line_height=\u00bb1.8em\u00bb text_orientation=\u00bbcenter\u00bb animation=\u00bboff\u00bb hover_enabled=\u00bb0&#8243; header_font_size_tablet=\u00bb18px\u00bb header_font_size_phone=\u00bb16px\u00bb header_font_size_last_edited=\u00bboff|desktop\u00bb body_font_size_tablet=\u00bb14px\u00bb body_font_size_phone=\u00bb13px\u00bb body_font_size_last_edited=\u00bbon|phone\u00bb global_colors_info=\u00bb{}\u00bb sticky_enabled=\u00bb0&#8243;]<\/p>\n<p>Redactamos y supervisamos <strong data-start=\"852\" data-end=\"905\">contratos de arrendamiento, renovaciones y anexos<\/strong>, velando por los intereses del propietario y controlando los vencimientos de forma automatizada.<\/p>\n<p>[\/et_pb_blurb][\/et_pb_column][et_pb_column type=\u00bb1_3&#8243; _builder_version=\u00bb4.16&#8243; _module_preset=\u00bbdefault\u00bb global_colors_info=\u00bb{}\u00bb][et_pb_blurb title=\u00bb\ud83d\udee0\ufe0f INCIDENCIAS\u00bb use_icon=\u00bbon\u00bb font_icon=\u00bb&#xf7d9;||fa||900&#8243; icon_color=\u00bb#000000&#8243; image_icon_width=\u00bb40px\u00bb content_max_width=\u00bb100%\u00bb _builder_version=\u00bb4.23.4&#8243; _module_preset=\u00bba9c19a80-4e24-4315-9a62-909b5d3c40bd\u00bb header_font=\u00bb|700|||||||\u00bb header_font_size=\u00bb16px\u00bb header_line_height=\u00bb1.6em\u00bb body_font_size=\u00bb16px\u00bb body_line_height=\u00bb1.8em\u00bb text_orientation=\u00bbcenter\u00bb animation=\u00bboff\u00bb header_font_size_tablet=\u00bb18px\u00bb header_font_size_phone=\u00bb16px\u00bb header_font_size_last_edited=\u00bboff|desktop\u00bb body_font_size_tablet=\u00bb14px\u00bb body_font_size_phone=\u00bb13px\u00bb body_font_size_last_edited=\u00bbon|phone\u00bb global_colors_info=\u00bb{}\u00bb]<\/p>\n<p>Gestionamos con agilidad cualquier tipo de incidencia, <strong data-start=\"1086\" data-end=\"1157\">coordinando reparaciones y haciendo seguimiento hasta su resoluci\u00f3n<\/strong>, para mantener el valor y habitabilidad del inmueble.<\/p>\n<p>&nbsp;<\/p>\n<p>&nbsp;<\/p>\n<p>[\/et_pb_blurb][\/et_pb_column][et_pb_column type=\u00bb1_3&#8243; _builder_version=\u00bb4.16&#8243; _module_preset=\u00bbdefault\u00bb global_colors_info=\u00bb{}\u00bb][et_pb_blurb title=\u00bb\ud83d\udcca INFORMES\u00bb use_icon=\u00bbon\u00bb font_icon=\u00bb&#xf0ea;||fa||900&#8243; icon_color=\u00bb#000000&#8243; image_icon_width=\u00bb40px\u00bb content_max_width=\u00bb100%\u00bb _builder_version=\u00bb4.23.4&#8243; _module_preset=\u00bba9c19a80-4e24-4315-9a62-909b5d3c40bd\u00bb header_font=\u00bb|700|||||||\u00bb header_font_size=\u00bb16px\u00bb header_line_height=\u00bb1.6em\u00bb body_font_size=\u00bb16px\u00bb body_line_height=\u00bb1.8em\u00bb text_orientation=\u00bbcenter\u00bb animation=\u00bboff\u00bb header_font_size_tablet=\u00bb18px\u00bb header_font_size_phone=\u00bb16px\u00bb header_font_size_last_edited=\u00bboff|desktop\u00bb body_font_size_tablet=\u00bb14px\u00bb body_font_size_phone=\u00bb13px\u00bb body_font_size_last_edited=\u00bbon|phone\u00bb global_colors_info=\u00bb{}\u00bb]<\/p>\n<p>Proporcionamos <strong data-start=\"1251\" data-end=\"1287\">informes peri\u00f3dicos y detallados<\/strong> sobre la situaci\u00f3n econ\u00f3mica, t\u00e9cnica y contractual de cada inmueble, aportando una visi\u00f3n clara y \u00fatil para la toma de decisiones.<\/p>\n<p>[\/et_pb_blurb][\/et_pb_column][\/et_pb_row][\/et_pb_section]<\/p>","protected":false},"excerpt":{"rendered":"<p>GESTI\u00d3N PATRIMONIALOfrecemos un servicio integral para la gesti\u00f3n y optimizaci\u00f3n de propiedades en alquiler, enfocado en maximizar la rentabilidad de cada activo. Evaluamos de forma individualizada cada inmueble mediante valoraciones profesionales, analizando su potencial y situaci\u00f3n en el mercado antes de su comercializaci\u00f3n. Este an\u00e1lisis nos permite establecer el mejor precio de salida y garantizar [&hellip;]<\/p>","protected":false},"author":1,"featured_media":0,"parent":0,"menu_order":0,"comment_status":"closed","ping_status":"closed","template":"","meta":{"_et_pb_use_builder":"on","_et_pb_old_content":"","_et_gb_content_width":"","_joinchat":[],"footnotes":""},"class_list":["post-277","page","type-page","status-publish","hentry"],"_links":{"self":[{"href":"https:\/\/rcfincas.es\/en\/wp-json\/wp\/v2\/pages\/277","targetHints":{"allow":["GET"]}}],"collection":[{"href":"https:\/\/rcfincas.es\/en\/wp-json\/wp\/v2\/pages"}],"about":[{"href":"https:\/\/rcfincas.es\/en\/wp-json\/wp\/v2\/types\/page"}],"author":[{"embeddable":true,"href":"https:\/\/rcfincas.es\/en\/wp-json\/wp\/v2\/users\/1"}],"replies":[{"embeddable":true,"href":"https:\/\/rcfincas.es\/en\/wp-json\/wp\/v2\/comments?post=277"}],"version-history":[{"count":13,"href":"https:\/\/rcfincas.es\/en\/wp-json\/wp\/v2\/pages\/277\/revisions"}],"predecessor-version":[{"id":26013,"href":"https:\/\/rcfincas.es\/en\/wp-json\/wp\/v2\/pages\/277\/revisions\/26013"}],"wp:attachment":[{"href":"https:\/\/rcfincas.es\/en\/wp-json\/wp\/v2\/media?parent=277"}],"curies":[{"name":"wp","href":"https:\/\/api.w.org\/{rel}","templated":true}]}}